{"id":299,"date":"2025-10-13T11:13:03","date_gmt":"2025-10-13T08:13:03","guid":{"rendered":"https:\/\/coninor.com\/?page_id=299"},"modified":"2025-10-15T07:29:34","modified_gmt":"2025-10-15T04:29:34","slug":"etusivu","status":"publish","type":"page","link":"https:\/\/coninor.com\/","title":{"rendered":"Etusivu"},"content":{"rendered":"\n<p><strong>CONINOR OY &#8212;&#8212;&#8212; Topi Karppasella on n\u00e4kemyst\u00e4, kokemusta, osaamista ja p\u00e4tevyytt\u00e4. <\/strong><\/p>\n\n\n\n<p><a href=\"https:\/\/www.linkedin.com\/in\/topi-karppanen-53985918\">https:\/\/www.linkedin.com\/in\/topi-karppanen-53985918<\/a><\/p>\n\n\n<div class=\"wp-block-image\">\n<figure class=\"alignleft size-full\"><img loading=\"lazy\" decoding=\"async\" width=\"249\" height=\"500\" src=\"https:\/\/coninor.com\/wp-content\/uploads\/2015\/03\/MG_0821.jpg\" alt=\"\" class=\"wp-image-36\" srcset=\"https:\/\/coninor.com\/wp-content\/uploads\/2015\/03\/MG_0821.jpg 249w, https:\/\/coninor.com\/wp-content\/uploads\/2015\/03\/MG_0821-149x300.jpg 149w\" sizes=\"auto, (max-width: 249px) 100vw, 249px\" \/><\/figure>\n<\/div>\n\n\n<p>Koko teollisen ty\u00f6urani toivoin, ett\u00e4 olisi joku, jolle voisin puhua ihmisen\u00e4 inhimillisist\u00e4 asioista ja bisneshaasteista luottamuksellisesti ilman ep\u00e4r\u00f6inti\u00e4 ja ahdistusta seuraamuksista.<\/p>\n\n\n\n<p><strong>Tarjoan sinulle MUSTA-AUKKO AUTTAVAN PUHELIMEN:<\/strong><\/p>\n\n\n\n<p class=\"has-medium-font-size\"><strong>060015575<\/strong><\/p>\n\n\n\n<p>MUSTA-AUKKO AUTTAVA PUHELIN on maksullinen palvelu ja tarkoitettu sinulle yrityksess\u00e4 ty\u00f6skentelev\u00e4lle. Parhaiten tunnen toimihenkil\u00f6iden, esihenkil\u00f6iden ja tulosvastuullisten ty\u00f6maailmaa. <\/p>\n\n\n\n<p>Kaikki mit\u00e4 MUSTA-AUKOSSA puhumme, on luottamuksellista ja j\u00e4\u00e4 sinne, eik\u00e4 mit\u00e4\u00e4n s\u00e4teile ulos.<\/p>\n\n\n\n<p><\/p>\n\n\n\n<p class=\"has-medium-font-size\"><strong>Pyrin vastaamaan MUSTA-AUKOSSA numerossa 060015575 arkip\u00e4ivisin klo 9\u201317. <\/strong>Puhelin on aina p\u00e4\u00e4ll\u00e4 kun voin keskitty\u00e4 t\u00e4ysin soittoosi. Puhelin on pois p\u00e4\u00e4lt\u00e4, jos teen muuta ja joudun keskittym\u00e4\u00e4n siihen. Jos on n\u00e4in tai olen varattu, niin soita uudelleen.<\/p>\n\n\n\n<p class=\"has-medium-font-size\">Puhelun hinta on \u20ac4,01 per minuutti (sis. alv 25,5 %). Yhden puhelun maksimi kesto on \u20ac50,- (sis. alv 25,5 %) ja siis noin 12,5 minuuttia. Hinta ei sis\u00e4ll\u00e4 paikallisverkkomaksua tai matkapuhelinmaksua.<\/p>\n\n\n\n<div class=\"wp-block-group is-nowrap is-layout-flex wp-container-core-group-is-layout-ad2f72ca wp-block-group-is-layout-flex\">\n<p><strong>Soita, jos: <\/strong>                                                                                  <\/p>\n\n\n\n<ul class=\"wp-block-list\">\n<li>haluat puhua ja keskustella                                            <\/li>\n\n\n\n<li>haluat saada neuvoja (consulting)<\/li>\n\n\n\n<li>haluat apua l\u00f6yt\u00e4\u00e4ksesi ratkaisun itse (coaching)<\/li>\n<\/ul>\n\n\n\n<p><strong>Voit soittaa:<\/strong><\/p>\n\n\n\n<p>\u2022 tuntemattomasta  numerosta<br>\u2022 sinun ei tarvitse kertoa nime\u00e4si<br>\u2022 sinun ei tarvitse kertoa yrityksen nime\u00e4<br>\u2022 kerro, jos haluat, mink\u00e4lainen yritys on ja mik\u00e4 on ty\u00f6si<\/p>\n<\/div>\n\n\n\n<p><\/p>\n\n\n\n<p>Koska MUSTA-AUKKO on maksullinen palvelu, niin mieti etuk\u00e4teen ennen soittoasi:<\/p>\n\n\n\n<p>\u2022 mist\u00e4 haluat puhua ?<br>\u2022 kiteyt\u00e4 mihin haet neuvoja (consulting) ?<br>\u2022 kiteyt\u00e4 mit\u00e4 vaihtoehtoja olet jo pohtinut ja, joita haluat sparrata (coaching).<br>\u2022 tai sitten me vain puhumme asiasi tiimoilta.<\/p>\n\n\n\n<p>Lis\u00e4\u00e4 tietoja minusta l\u00f6yd\u00e4t sivulta Kokemus ja Koulutus sek\u00e4 <a href=\"https:\/\/www.linkedin.com\/in\/topi-karppanen-53985918\/\">https:\/\/www.linkedin.com\/in\/topi-karppanen-53985918\/<\/a><\/p>\n\n\n\n<p>Ota yhteytt\u00e4:<br>S\u00e4hk\u00f6postitse: <a href=\"mailto:topi.karppanen@coninor.com\">topi.karppanen@coninor.com<\/a>.<\/p>\n","protected":false},"excerpt":{"rendered":"<p>CONINOR OY &#8212;&#8212;&#8212; Topi Karppasella on n\u00e4kemyst\u00e4, kokemusta, osaamista ja p\u00e4tevyytt\u00e4. https:\/\/www.linkedin.com\/in\/topi-karppanen-53985918 Koko teollisen ty\u00f6urani toivoin, ett\u00e4 olisi joku, jolle voisin puhua ihmisen\u00e4 inhimillisist\u00e4 asioista ja bisneshaasteista luottamuksellisesti ilman ep\u00e4r\u00f6inti\u00e4 ja ahdistusta seuraamuksista. Tarjoan sinulle MUSTA-AUKKO AUTTAVAN PUHELIMEN: 060015575 MUSTA-AUKKO <a class=\"more-link\" href=\"https:\/\/coninor.com\/\">Continue reading <span class=\"screen-reader-text\">  Etusivu<\/span><span class=\"meta-nav\">&rarr;<\/span><\/a><\/p>\n","protected":false},"author":87,"featured_media":0,"parent":0,"menu_order":0,"comment_status":"closed","ping_status":"closed","template":"","meta":{"footnotes":""},"class_list":["post-299","page","type-page","status-publish","hentry"],"jetpack_sharing_enabled":true,"_links":{"self":[{"href":"https:\/\/coninor.com\/index.php?rest_route=\/wp\/v2\/pages\/299","targetHints":{"allow":["GET"]}}],"collection":[{"href":"https:\/\/coninor.com\/index.php?rest_route=\/wp\/v2\/pages"}],"about":[{"href":"https:\/\/coninor.com\/index.php?rest_route=\/wp\/v2\/types\/page"}],"author":[{"embeddable":true,"href":"https:\/\/coninor.com\/index.php?rest_route=\/wp\/v2\/users\/87"}],"replies":[{"embeddable":true,"href":"https:\/\/coninor.com\/index.php?rest_route=%2Fwp%2Fv2%2Fcomments&post=299"}],"version-history":[{"count":3,"href":"https:\/\/coninor.com\/index.php?rest_route=\/wp\/v2\/pages\/299\/revisions"}],"predecessor-version":[{"id":313,"href":"https:\/\/coninor.com\/index.php?rest_route=\/wp\/v2\/pages\/299\/revisions\/313"}],"wp:attachment":[{"href":"https:\/\/coninor.com\/index.php?rest_route=%2Fwp%2Fv2%2Fmedia&parent=299"}],"curies":[{"name":"wp","href":"https:\/\/api.w.org\/{rel}","templated":true}]}}