{"id":272,"date":"2025-10-13T08:40:51","date_gmt":"2025-10-13T05:40:51","guid":{"rendered":"https:\/\/coninor.com\/?page_id=272"},"modified":"2025-10-14T08:30:29","modified_gmt":"2025-10-14T05:30:29","slug":"tietosuojakaytanto","status":"publish","type":"page","link":"https:\/\/coninor.com\/?page_id=272","title":{"rendered":"K\u00e4ytt\u00f6ehdot ja Tietosuojak\u00e4yt\u00e4nt\u00f6"},"content":{"rendered":"\n<p>K\u00e4ytt\u00f6ehdot<\/p>\n\n\n\n<ol class=\"wp-block-list\">\n<li>Ehdot<br>Siirtym\u00e4ll\u00e4 verkkosivustolle osoitteessa www.coninor.com sitoudut noudattamaan n\u00e4it\u00e4 palveluehtoja, kaikkia sovellettavia lakeja ja m\u00e4\u00e4r\u00e4yksi\u00e4 ja hyv\u00e4ksyt, ett\u00e4 olet vastuussa sovellettavien paikallisten lakien noudattamisesta. Jos et hyv\u00e4ksy jotakin n\u00e4ist\u00e4 ehdoista, sin\u00e4 et saa k\u00e4ytt\u00e4\u00e4 tai tulla t\u00e4lle sivustolle. T\u00e4m\u00e4n sivuston sis\u00e4lt\u00e4m\u00e4 materiaali on suojattu sovellettavan tekij\u00e4noikeus- ja tavaramerkkilain nojalla.<\/li>\n\n\n\n<li>K\u00e4ytt\u00f6lisenssi<br>CONINOR OY:n verkkosivuilla on lupa ladata tilap\u00e4isesti yksi kopio materiaalista (tiedoista tai ohjelmistoista) vain henkil\u00f6kohtaiseen, ei-kaupalliseen tilap\u00e4iseen katseluun. T\u00e4m\u00e4 on lisenssin my\u00f6nt\u00e4minen, ei ole omistusoikeuden siirto, ja t\u00e4m\u00e4n lisenssin nojalla et saa:<br>muokata tai kopioida materiaaleja;<br>k\u00e4ytt\u00e4\u00e4 materiaaleja mihin tahansa kaupalliseen tarkoitukseen tai mihin tahansa julkiseen n\u00e4ytt\u00f6\u00f6n (kaupalliseen tai ei-kaupalliseen);<br>yritt\u00e4\u00e4 urkaa tai k\u00e4\u00e4nt\u00e4\u00e4 uudelleen mit\u00e4\u00e4n CONINOR OY:n verkkosivustolla olevaa ohjelmistoa;<br>poistaa materiaalista kaikki tekij\u00e4noikeus- tai muut omistusoikeudelliset merkinn\u00e4t; tai<br>siirt\u00e4\u00e4 materiaalia toiselle henkil\u00f6lle tai \u201dpeilata\u201d materiaalia toiselle palvelimelle.<br>T\u00e4m\u00e4 lisenssi p\u00e4\u00e4ttyy automaattisesti, jos rikot jotakin n\u00e4ist\u00e4 rajoituksista, ja CONINOR OY voi irtisanoa sen milloin tahansa. Kun lopetat n\u00e4iden materiaalien katselun tai t\u00e4m\u00e4n lisenssin, sinun on tuhottava hallussasi oleva ladattu materiaali joko s\u00e4hk\u00f6isess\u00e4 tai painetussa muodossa.<\/li>\n\n\n\n<li>Vastuuvapauslauseke<br>CONINOR OY:n verkkosivuilla olevat materiaalit toimitetaan sellaisenaan. CONINOR OY ei anna mit\u00e4\u00e4n takuita, ilmaistuja tai oletettuja, ja kiist\u00e4\u00e4 t\u00e4ten kaikki muut takuut, mukaan lukien rajoituksetta oletetut takuut tai ehdot kaupallisuudesta, sopivuudesta tiettyyn tarkoitukseen tai immateriaalioikeuksien loukkaamattomuuteen tai muuhun oikeuksien loukkaamiseen.<br>Lis\u00e4ksi CONINOR OY ei takaa tai esit\u00e4 mit\u00e4\u00e4n v\u00e4itteit\u00e4 verkkosivustollaan tai muuten sellaiseen materiaaliin tai t\u00e4h\u00e4n sivustoon linkitettyjen sivustojen materiaalien k\u00e4yt\u00f6n tarkkuudesta, todenn\u00e4k\u00f6isist\u00e4 tuloksista tai luotettavuudesta.<\/li>\n\n\n\n<li>Rajoitukset<br>CONINOR OY tai sen toimittajat eiv\u00e4t miss\u00e4\u00e4n tapauksessa ole vastuussa mist\u00e4\u00e4n vahingoista (mukaan lukien rajoituksetta tietojen tai voiton menetyksest\u00e4 tai liiketoiminnan keskeytymisest\u00e4 johtuvat vahingot), jotka johtuvat CONINOR OY:n verkkosivuilla olevien materiaalien k\u00e4yt\u00f6st\u00e4 tai kyvytt\u00f6myydest\u00e4 k\u00e4ytt\u00e4\u00e4, vaikka CONINOR OY:lle tai CONINOR OY:n valtuutetulle edustajalle on ilmoitettu suullisesti tai kirjallisesti t\u00e4llaisen vahingon mahdollisuudesta. Koska jotkin laink\u00e4ytt\u00f6alueet eiv\u00e4t salli oletettujen takuiden tai v\u00e4lillisten tai satunnaisten vahinkojen vastuun rajoituksia, n\u00e4m\u00e4 rajoitukset eiv\u00e4t v\u00e4ltt\u00e4m\u00e4tt\u00e4 koske sinua.<\/li>\n\n\n\n<li>Materiaalien tarkkuus<br>CONINOR OY:n verkkosivuilla esiintyv\u00e4t materiaalit voivat sis\u00e4lt\u00e4\u00e4 teknisi\u00e4, typografisia tai valokuvavirheit\u00e4. CONINOR OY ei takaa, ett\u00e4 mik\u00e4\u00e4n sen verkkosivustolla olevista materiaaleista on tarkkaa, t\u00e4ydellist\u00e4 tai ajantasaista. CONINOR OY voi tehd\u00e4 muutoksia verkkosivuillaan olevaan materiaaliin milloin tahansa ilman erillist\u00e4 ilmoitusta. CONINOR OY ei kuitenkaan sitoudu materiaalien p\u00e4ivitt\u00e4miseen.<\/li>\n\n\n\n<li>Linkit<br>CONINOR OY ei ole tarkistanut kaikkia sen verkkosivuille linkitettyj\u00e4 sivustoja eik\u00e4 ole vastuussa mink\u00e4\u00e4n t\u00e4llaisten linkitettyjen sivustojen sis\u00e4ll\u00f6st\u00e4. Mink\u00e4\u00e4n linkin lis\u00e4\u00e4minen ei tarkoita, ett\u00e4 CONINOR OY olisi hyv\u00e4ksynyt sivuston. T\u00e4llaisten linkitettyjen verkkosivustojen k\u00e4ytt\u00f6 on k\u00e4ytt\u00e4j\u00e4n omalla vastuulla.<\/li>\n\n\n\n<li>Muutokset<br>CONINOR OY voi muuttaa n\u00e4it\u00e4 verkkosivustonsa palveluehtoja milloin tahansa ilman erillist\u00e4 ilmoitusta. K\u00e4ytt\u00e4m\u00e4ll\u00e4 t\u00e4t\u00e4 verkkosivustoa sitoudut noudattamaan n\u00e4iden palveluehtojen kulloinkin voimassa olevaa versiota.<\/li>\n\n\n\n<li>Sovellettava laki<br>N\u00e4it\u00e4 ehtoja s\u00e4\u00e4telev\u00e4t ja tulkitaan Suomen lakien mukaisesti ja alistut peruuttamattomasti kyseisen valtion tai paikkakunnan tuomioistuinten yksinomaiseen toimivaltaan.<\/li>\n<\/ol>\n\n\n\n<p>Tietosuojak\u00e4yt\u00e4nt\u00f6<\/p>\n\n\n\n<p>Yksityisyytesi on meille t\u00e4rke\u00e4\u00e4. CONINOR OY:n k\u00e4yt\u00e4nt\u00f6n\u00e4 on kunnioittaa yksityisyytt\u00e4si koskien tietoja, joita voimme ker\u00e4t\u00e4 sinulta verkkosivustoltamme www.coninor.com ja muilla omistamillamme ja k\u00e4ytt\u00e4mill\u00e4mme sivustoilla.<\/p>\n\n\n\n<p><br>Pyyd\u00e4mme henkil\u00f6tietoja vain silloin, kun todella tarvitsemme niit\u00e4 palvelun tarjoamiseksi sinulle. Ker\u00e4\u00e4mme ne oikeudenmukaisin ja laillisin keinoin sinun tietosi ja suostumuksesi perusteella. Kerromme my\u00f6s, miksi ker\u00e4\u00e4mme niit\u00e4 ja miten niit\u00e4 k\u00e4ytet\u00e4\u00e4n.<\/p>\n\n\n\n<p><br>S\u00e4ilyt\u00e4mme ker\u00e4ttyj\u00e4 tietoja vain niin kauan kuin on tarpeen pyyt\u00e4m\u00e4si palvelun tarjoamiseksi. Suojaamme tallentamamme tiedot kaupallisesti hyv\u00e4ksytt\u00e4vin keinoin est\u00e4\u00e4ksemme katoamisen ja varkauden sek\u00e4 luvattoman k\u00e4yt\u00f6n, paljastamisen, kopioimisen, k\u00e4yt\u00f6n tai muuttamisen.<br>Emme jaa henkil\u00f6tietoja julkisesti tai kolmansille osapuolille, paitsi jos laki niin vaatii.<\/p>\n\n\n\n<p><br>Sivustomme voi sis\u00e4lt\u00e4\u00e4 linkkej\u00e4 ulkoisille sivustoille, joita emme hallinnoi. Huomaa, ett\u00e4 emme voi valvoa n\u00e4iden sivustojen sis\u00e4lt\u00f6\u00e4 ja k\u00e4yt\u00e4nt\u00f6j\u00e4, emmek\u00e4 voi ottaa vastuuta tai vastuuta niiden vastaavista tietosuojak\u00e4yt\u00e4nn\u00f6ist\u00e4.<\/p>\n\n\n\n<p>Voit vapaasti kielt\u00e4yty\u00e4 henkil\u00f6kohtaisia tietojasi koskevista pyynn\u00f6ist\u00e4mme sill\u00e4 edellytyksell\u00e4, ett\u00e4 emme ehk\u00e4 pysty tarjoamaan sinulle joitain haluamistasi palveluista.<\/p>\n\n\n\n<p><br>Verkkosivustomme jatkuvan k\u00e4yt\u00f6n katsotaan hyv\u00e4ksyv\u00e4n tietosuojaan ja henkil\u00f6tietoihin liittyvi\u00e4 k\u00e4yt\u00e4nt\u00f6j\u00e4mme. Jos sinulla on kysytt\u00e4v\u00e4\u00e4 siit\u00e4, miten k\u00e4sittelemme k\u00e4ytt\u00e4j\u00e4tietoja ja henkil\u00f6tietoja, ota meihin yhteytt\u00e4.<\/p>\n\n\n\n<p><br>T\u00e4m\u00e4 k\u00e4yt\u00e4nt\u00f6 on voimassa 8.2.2021 alkaen.<\/p>\n","protected":false},"excerpt":{"rendered":"<p>K\u00e4ytt\u00f6ehdot Tietosuojak\u00e4yt\u00e4nt\u00f6 Yksityisyytesi on meille t\u00e4rke\u00e4\u00e4. CONINOR OY:n k\u00e4yt\u00e4nt\u00f6n\u00e4 on kunnioittaa yksityisyytt\u00e4si koskien tietoja, joita voimme ker\u00e4t\u00e4 sinulta verkkosivustoltamme www.coninor.com ja muilla omistamillamme ja k\u00e4ytt\u00e4mill\u00e4mme sivustoilla. Pyyd\u00e4mme henkil\u00f6tietoja vain silloin, kun todella tarvitsemme niit\u00e4 palvelun tarjoamiseksi sinulle. Ker\u00e4\u00e4mme ne oikeudenmukaisin <a class=\"more-link\" href=\"https:\/\/coninor.com\/?page_id=272\">Continue reading <span class=\"screen-reader-text\">  K\u00e4ytt\u00f6ehdot ja Tietosuojak\u00e4yt\u00e4nt\u00f6<\/span><span class=\"meta-nav\">&rarr;<\/span><\/a><\/p>\n","protected":false},"author":87,"featured_media":0,"parent":0,"menu_order":0,"comment_status":"closed","ping_status":"closed","template":"","meta":{"footnotes":""},"class_list":["post-272","page","type-page","status-publish","hentry"],"jetpack_sharing_enabled":true,"_links":{"self":[{"href":"https:\/\/coninor.com\/index.php?rest_route=\/wp\/v2\/pages\/272","targetHints":{"allow":["GET"]}}],"collection":[{"href":"https:\/\/coninor.com\/index.php?rest_route=\/wp\/v2\/pages"}],"about":[{"href":"https:\/\/coninor.com\/index.php?rest_route=\/wp\/v2\/types\/page"}],"author":[{"embeddable":true,"href":"https:\/\/coninor.com\/index.php?rest_route=\/wp\/v2\/users\/87"}],"replies":[{"embeddable":true,"href":"https:\/\/coninor.com\/index.php?rest_route=%2Fwp%2Fv2%2Fcomments&post=272"}],"version-history":[{"count":3,"href":"https:\/\/coninor.com\/index.php?rest_route=\/wp\/v2\/pages\/272\/revisions"}],"predecessor-version":[{"id":306,"href":"https:\/\/coninor.com\/index.php?rest_route=\/wp\/v2\/pages\/272\/revisions\/306"}],"wp:attachment":[{"href":"https:\/\/coninor.com\/index.php?rest_route=%2Fwp%2Fv2%2Fmedia&parent=272"}],"curies":[{"name":"wp","href":"https:\/\/api.w.org\/{rel}","templated":true}]}}