{"id":198,"date":"2025-10-13T08:39:58","date_gmt":"2025-10-13T05:39:58","guid":{"rendered":"https:\/\/coninor.com\/?page_id=198"},"modified":"2025-10-15T07:42:31","modified_gmt":"2025-10-15T04:42:31","slug":"palvelut","status":"publish","type":"page","link":"https:\/\/coninor.com\/?page_id=198","title":{"rendered":"Palvelut"},"content":{"rendered":"\n<div class=\"wp-block-media-text has-media-on-the-right is-stacked-on-mobile is-vertically-aligned-top\" style=\"grid-template-columns:auto 37%\"><div class=\"wp-block-media-text__content\">\n<p><strong>MUSTA-AUKKO AUTTAVA PUHELIN<\/strong><\/p>\n\n\n\n<p><strong>060015575<\/strong><\/p>\n\n\n\n<p>MUSTA-AUKKO AUTTAVA PUHELIN on maksullinen palvelu ja tarkoitettu avuksi sinulle yrityksess\u00e4 ty\u00f6skentelev\u00e4lle. Parhaiten tunnen toimihenkil\u00f6iden, esihenkil\u00f6iden ja tulosvastuullisten ty\u00f6maailmaa. <\/p>\n\n\n\n<p>Kaikki mit\u00e4 MUSTA-AUKOSSA puhumme, on luottamuksellista ja j\u00e4\u00e4 sinne, eik\u00e4 mit\u00e4\u00e4n s\u00e4teile ulos.<\/p>\n\n\n\n<p><strong>Pyrin vastaamaan MUSTA-AUKOSSA numerossa 060015575 arkip\u00e4ivisin klo 9\u201317. <\/strong>Pyrin vastaamaan MUSTA-AUKOSSA numerossa 060015575 arkip\u00e4ivisin klo 9\u201317. Puhelin on aina p\u00e4\u00e4ll\u00e4 kun voin keskitty\u00e4 t\u00e4ysin soittoosi. Puhelin on pois p\u00e4\u00e4lt\u00e4, jos teen muuta ja joudun keskittym\u00e4\u00e4n siihen. Jos on n\u00e4in tai olen varattu, niin soita uudelleen.<\/p>\n\n\n\n<p>Puhelun hinta on \u20ac4,01 per minuutti (sis. alv 25,5 %). Yhden puhelun maksimi kesto on \u20ac50,- (sis. alv 25,5 %) ja siis noin 12,5 minuuttia. Hinta ei sis\u00e4ll\u00e4 paikallisverkkomaksua tai matkapuhelinmaksua.<\/p>\n\n\n\n<p><\/p>\n<\/div><figure class=\"wp-block-media-text__media\"><img loading=\"lazy\" decoding=\"async\" width=\"818\" height=\"1024\" src=\"https:\/\/coninor.com\/wp-content\/uploads\/2025\/09\/man-4807395_1280-818x1024.jpg\" alt=\"\" class=\"wp-image-231 size-full\" srcset=\"https:\/\/coninor.com\/wp-content\/uploads\/2025\/09\/man-4807395_1280-818x1024.jpg 818w, https:\/\/coninor.com\/wp-content\/uploads\/2025\/09\/man-4807395_1280-240x300.jpg 240w, https:\/\/coninor.com\/wp-content\/uploads\/2025\/09\/man-4807395_1280-768x962.jpg 768w, https:\/\/coninor.com\/wp-content\/uploads\/2025\/09\/man-4807395_1280.jpg 1022w\" sizes=\"auto, (max-width: 818px) 100vw, 818px\" \/><\/figure><\/div>\n\n\n\n<p class=\"has-text-align-left\"><strong>MUUT PALVELUT:<\/strong><\/p>\n\n\n\n<p class=\"has-text-align-left\"><strong>Uskon, ett\u00e4 voin neuvoa ja avustaa yrityst\u00e4nne seuraavissa asioissa:<\/strong><\/p>\n\n\n\n<div class=\"wp-block-group is-layout-grid wp-container-core-group-is-layout-9649a0d9 wp-block-group-is-layout-grid\">\n<p class=\"has-text-align-left\">Strategiassa &#8211; sen suunnittelussa k\u00e4yt\u00e4nt\u00f6\u00f6n viemisess\u00e4<\/p>\n\n\n\n<p class=\"has-text-align-left\">Myynnin ja markkinoinnin kehitt\u00e4misess\u00e4<\/p>\n\n\n\n<p class=\"has-text-align-left\">Kansainv\u00e4listymisess\u00e4.<\/p>\n\n\n\n<p class=\"has-text-align-left\">Muutosjohtamisessa.<\/p>\n\n\n\n<p class=\"has-text-align-left\">Ostettujen yritysten tai liiketoimintojen haltuunotossa tai integraatiossa.<\/p>\n\n\n\n<p class=\"has-text-align-left\">Kannattavuuden parantamisessa.<\/p>\n\n\n\n<p class=\"has-text-align-left\">Yksil\u00f6iden suoritusten parantamisessa,<\/p>\n\n\n\n<p class=\"has-text-align-left\">Organisaation suorituskyvyn tehostamisessa<\/p>\n\n\n\n<p class=\"has-text-align-left\">Liikkeenjohdon ja avainhenkil\u00f6iden Coachingissa.<\/p>\n<\/div>\n\n\n\n<p>CONINOR OY:n sopimusehdot: Liikkeenjohdon Konsultoinnin Yleiset Sopimusehdot LJK-2002<\/p>\n\n\n\n<p class=\"has-text-align-left\">Haluatko tiet\u00e4\u00e4 lis\u00e4\u00e4?<\/p>\n\n\n\n<p>Ota yhteytt\u00e4 laittamalla viesti\u00e4 osoitteeseen:&nbsp;&nbsp;<a href=\"mailto:topi.karppanen@coninor.com\">topi.karppanen@coninor.com<\/a>.<\/p>\n\n\n\n<p><\/p>\n\n\n\n<p><\/p>\n\n\n\n<p><\/p>\n","protected":false},"excerpt":{"rendered":"<p>MUSTA-AUKKO AUTTAVA PUHELIN 060015575 MUSTA-AUKKO AUTTAVA PUHELIN on maksullinen palvelu ja tarkoitettu avuksi sinulle yrityksess\u00e4 ty\u00f6skentelev\u00e4lle. Parhaiten tunnen toimihenkil\u00f6iden, esihenkil\u00f6iden ja tulosvastuullisten ty\u00f6maailmaa. Kaikki mit\u00e4 MUSTA-AUKOSSA puhumme, on luottamuksellista ja j\u00e4\u00e4 sinne, eik\u00e4 mit\u00e4\u00e4n s\u00e4teile ulos. Pyrin vastaamaan MUSTA-AUKOSSA numerossa <a class=\"more-link\" href=\"https:\/\/coninor.com\/?page_id=198\">Continue reading <span class=\"screen-reader-text\">  Palvelut<\/span><span class=\"meta-nav\">&rarr;<\/span><\/a><\/p>\n","protected":false},"author":87,"featured_media":0,"parent":0,"menu_order":0,"comment_status":"closed","ping_status":"closed","template":"","meta":{"footnotes":""},"class_list":["post-198","page","type-page","status-publish","hentry"],"jetpack_sharing_enabled":true,"_links":{"self":[{"href":"https:\/\/coninor.com\/index.php?rest_route=\/wp\/v2\/pages\/198","targetHints":{"allow":["GET"]}}],"collection":[{"href":"https:\/\/coninor.com\/index.php?rest_route=\/wp\/v2\/pages"}],"about":[{"href":"https:\/\/coninor.com\/index.php?rest_route=\/wp\/v2\/types\/page"}],"author":[{"embeddable":true,"href":"https:\/\/coninor.com\/index.php?rest_route=\/wp\/v2\/users\/87"}],"replies":[{"embeddable":true,"href":"https:\/\/coninor.com\/index.php?rest_route=%2Fwp%2Fv2%2Fcomments&post=198"}],"version-history":[{"count":20,"href":"https:\/\/coninor.com\/index.php?rest_route=\/wp\/v2\/pages\/198\/revisions"}],"predecessor-version":[{"id":315,"href":"https:\/\/coninor.com\/index.php?rest_route=\/wp\/v2\/pages\/198\/revisions\/315"}],"wp:attachment":[{"href":"https:\/\/coninor.com\/index.php?rest_route=%2Fwp%2Fv2%2Fmedia&parent=198"}],"curies":[{"name":"wp","href":"https:\/\/api.w.org\/{rel}","templated":true}]}}