{"id":123,"date":"2015-03-27T23:25:46","date_gmt":"2015-03-27T21:25:46","guid":{"rendered":"https:\/\/coninor.com\/?page_id=123"},"modified":"2025-10-13T10:17:16","modified_gmt":"2025-10-13T07:17:16","slug":"company-network-profile","status":"publish","type":"page","link":"https:\/\/coninor.com\/?page_id=123","title":{"rendered":"Experience &amp; Education"},"content":{"rendered":"<p><strong><a href=\"https:\/\/coninor.com\/wp-content\/uploads\/2015\/03\/MG_0790.jpg\"><img loading=\"lazy\" decoding=\"async\" class=\"alignleft size-full wp-image-56\" src=\"https:\/\/coninor.com\/wp-content\/uploads\/2015\/03\/MG_0790.jpg\" alt=\"tiimi\" width=\"250\" height=\"529\" srcset=\"https:\/\/coninor.com\/wp-content\/uploads\/2015\/03\/MG_0790.jpg 250w, https:\/\/coninor.com\/wp-content\/uploads\/2015\/03\/MG_0790-142x300.jpg 142w\" sizes=\"auto, (max-width: 250px) 100vw, 250px\" \/><\/a><\/strong><\/p>\n<p id=\"tw-target-text\" class=\"tw-data-text tw-text-large tw-ta\" dir=\"ltr\" tabindex=\"-1\" role=\"text\" data-placeholder=\"K\u00e4\u00e4nn\u00f6s\" aria-label=\"K\u00e4\u00e4nnetty teksti: What I draw from is of course my work experience and education. During and after my long career, I have trained as both a consultant and an Executive Coach.\n\nExperience:\n\nI have gained my key work experience in a listed SME. The company engaged in mechanical engineering and related services in global markets. My experience and insights have been complemented by working as a consultant, manager and partner in a startup company. I have learned that the challenges of an individual are similar regardless of the company and business.\nSo it is possible and even probable that I have encountered and solved everything that you are currently working on or will soon face. I have led and implemented practically everything that a company that offers investment products and related services that aims for continuous growth and operates in international or global markets faces and has to do.\" data-ved=\"2ahUKEwjg1JH-tuSPAxVwUVUIHSxDAwcQ3ewLegQIDxAV\"><span class=\"Y2IQFc\" lang=\"en\"><strong>What I draw from is of course my work experience and education.<\/strong> During and after my long business career, I have trained as both a consultant and an Executive Coach. <\/span><\/p>\n<p class=\"tw-data-text tw-text-large tw-ta\" dir=\"ltr\" tabindex=\"-1\" role=\"text\" data-placeholder=\"K\u00e4\u00e4nn\u00f6s\" aria-label=\"K\u00e4\u00e4nnetty teksti: What I draw from is of course my work experience and education. During and after my long career, I have trained as both a consultant and an Executive Coach.\n\nExperience:\n\nI have gained my key work experience in a listed SME. The company engaged in mechanical engineering and related services in global markets. My experience and insights have been complemented by working as a consultant, manager and partner in a startup company. I have learned that the challenges of an individual are similar regardless of the company and business.\nSo it is possible and even probable that I have encountered and solved everything that you are currently working on or will soon face. I have led and implemented practically everything that a company that offers investment products and related services that aims for continuous growth and operates in international or global markets faces and has to do.\" data-ved=\"2ahUKEwjg1JH-tuSPAxVwUVUIHSxDAwcQ3ewLegQIDxAV\"><span class=\"Y2IQFc\" lang=\"en\"><strong>Experience:<\/strong><\/span><\/p>\n<p class=\"tw-data-text tw-text-large tw-ta\" dir=\"ltr\" tabindex=\"-1\" role=\"text\" data-placeholder=\"K\u00e4\u00e4nn\u00f6s\" aria-label=\"K\u00e4\u00e4nnetty teksti: What I draw from is of course my work experience and education. During and after my long career, I have trained as both a consultant and an Executive Coach.\n\nExperience:\n\nI have gained my key work experience in a listed SME. The company engaged in mechanical engineering and related services in global markets. My experience and insights have been complemented by working as a consultant, manager and partner in a startup company. I have learned that the challenges of an individual are similar regardless of the company and business.\nSo it is possible and even probable that I have encountered and solved everything that you are currently working on or will soon face. I have led and implemented practically everything that a company that offers investment products and related services that aims for continuous growth and operates in international or global markets faces and has to do.\" data-ved=\"2ahUKEwjg1JH-tuSPAxVwUVUIHSxDAwcQ3ewLegQIDxAV\"><span class=\"Y2IQFc\" lang=\"en\"> I have gained my key work experience in a listed SME. The company engaged in mechanical engineering and related services in global markets. <\/span><\/p>\n<p class=\"tw-data-text tw-text-large tw-ta\" dir=\"ltr\" tabindex=\"-1\" role=\"text\" data-placeholder=\"K\u00e4\u00e4nn\u00f6s\" aria-label=\"K\u00e4\u00e4nnetty teksti: What I draw from is of course my work experience and education. During and after my long career, I have trained as both a consultant and an Executive Coach.\n\nExperience:\n\nI have gained my key work experience in a listed SME. The company engaged in mechanical engineering and related services in global markets. My experience and insights have been complemented by working as a consultant, manager and partner in a startup company. I have learned that the challenges of an individual are similar regardless of the company and business.\nSo it is possible and even probable that I have encountered and solved everything that you are currently working on or will soon face. I have led and implemented practically everything that a company that offers investment products and related services that aims for continuous growth and operates in international or global markets faces and has to do.\" data-ved=\"2ahUKEwjg1JH-tuSPAxVwUVUIHSxDAwcQ3ewLegQIDxAV\"><span class=\"Y2IQFc\" lang=\"en\">My experience and insights have been complemented by working as a consultant, manager and partner in a startup company. <\/span><\/p>\n<p class=\"tw-data-text tw-text-large tw-ta\" dir=\"ltr\" tabindex=\"-1\" role=\"text\" data-placeholder=\"K\u00e4\u00e4nn\u00f6s\" aria-label=\"K\u00e4\u00e4nnetty teksti: What I draw from is of course my work experience and education. During and after my long career, I have trained as both a consultant and an Executive Coach.\n\nExperience:\n\nI have gained my key work experience in a listed SME. The company engaged in mechanical engineering and related services in global markets. My experience and insights have been complemented by working as a consultant, manager and partner in a startup company. I have learned that the challenges of an individual are similar regardless of the company and business.\nSo it is possible and even probable that I have encountered and solved everything that you are currently working on or will soon face. I have led and implemented practically everything that a company that offers investment products and related services that aims for continuous growth and operates in international or global markets faces and has to do.\" data-ved=\"2ahUKEwjg1JH-tuSPAxVwUVUIHSxDAwcQ3ewLegQIDxAV\"><span class=\"Y2IQFc\" lang=\"en\">I have learned that the challenges of an individual are similar regardless of the company and business. So it is possible and even probable that I have encountered and solved everything that you are currently working on or will soon face. <\/span><\/p>\n<p class=\"tw-data-text tw-text-large tw-ta\" dir=\"ltr\" tabindex=\"-1\" role=\"text\" data-placeholder=\"K\u00e4\u00e4nn\u00f6s\" aria-label=\"K\u00e4\u00e4nnetty teksti: What I draw from is of course my work experience and education. During and after my long career, I have trained as both a consultant and an Executive Coach.\n\nExperience:\n\nI have gained my key work experience in a listed SME. The company engaged in mechanical engineering and related services in global markets. My experience and insights have been complemented by working as a consultant, manager and partner in a startup company. I have learned that the challenges of an individual are similar regardless of the company and business.\nSo it is possible and even probable that I have encountered and solved everything that you are currently working on or will soon face. I have led and implemented practically everything that a company that offers investment products and related services that aims for continuous growth and operates in international or global markets faces and has to do.\" data-ved=\"2ahUKEwjg1JH-tuSPAxVwUVUIHSxDAwcQ3ewLegQIDxAV\"><\/p>\n<p>I have led and implemented practically everything that a company that offers investment products and related services that aims for continuous growth and operates in international or global markets faces and has to do.<\/p>\n<p>I have led an organization of 563 people that sold its products and served its customers globally, operated with its own resources in 15 countries, with a representative network in 53 countries, and manufactured its products in four different countries, either by itself or outsourced.<\/p>\n<p>I have led:<br \/>\n\u2022 or been in the process of refining company strategies and leading the implementation of the strategy.<br \/>\n\u2022 international expansion of the sales and marketing network<br \/>\n\u2022 organic growth<br \/>\n\u2022 adjusted organizations, I have laid off and hired,<br \/>\n\u2022 grown organizations, recruited and renewed my management teams<br \/>\n\u2022 acquired companies and businesses, integrated them together,<br \/>\n\u2022 founded subsidiaries, etc.<\/p>\n<p>My mindset is that results come from doing. I believe in managing by objectives and empowering people to act to achieve goals.<\/p>\n<p><strong>Training &amp; education:<\/strong><\/p>\n<p>\u2022 Business and Executive Coaching, Academy of Executive Coaching, United Kingom, London, 2010<br \/>\n\u2022 Consulting in Organisations (2008-2009), European Partnership for Organisation Consultants, 2008-2009.<br \/>\n\u2022 Helsinki School of Economics\/JOKO Executive Education, JOKO 65-training program 2002\u20132003.<br \/>\n\u2022 Boardman&#8217;s Good corporate governance and board work \u2013 training program, Boardman Oy, 2009.<br \/>\n\u2022 Vientimarkkinoijakoulutus VMK2, (Diploma in International Marketing Management), Finnish Institute for International trade (FINTRA), 1989\u20131991.<br \/>\n\u2022 Master of Science (Engineering), Department of Mechanical Engineering, Tampereen Teknillinen Korkeakoulu (TTKK, Tampere University of Technology), 1975\u20131980.<\/p>\n<p><strong>Would you like to know more?<\/strong><br \/>\nContact Topi Karppanen by email at <a href=\"mailto:topi.karppanen@coninor.com\">topi.karppanen@coninor.com<\/a>.<\/p>\n","protected":false},"excerpt":{"rendered":"<p>What I draw from is of course my work experience and education. During and after my long business career, I have trained as both a consultant and an Executive Coach. Experience: I have gained my key work experience in a <a class=\"more-link\" href=\"https:\/\/coninor.com\/?page_id=123\">Continue reading <span class=\"screen-reader-text\">  Experience &amp; Education<\/span><span class=\"meta-nav\">&rarr;<\/span><\/a><\/p>\n","protected":false},"author":87,"featured_media":0,"parent":0,"menu_order":11,"comment_status":"closed","ping_status":"closed","template":"","meta":{"footnotes":""},"class_list":["post-123","page","type-page","status-publish","hentry"],"jetpack_sharing_enabled":true,"_links":{"self":[{"href":"https:\/\/coninor.com\/index.php?rest_route=\/wp\/v2\/pages\/123","targetHints":{"allow":["GET"]}}],"collection":[{"href":"https:\/\/coninor.com\/index.php?rest_route=\/wp\/v2\/pages"}],"about":[{"href":"https:\/\/coninor.com\/index.php?rest_route=\/wp\/v2\/types\/page"}],"author":[{"embeddable":true,"href":"https:\/\/coninor.com\/index.php?rest_route=\/wp\/v2\/users\/87"}],"replies":[{"embeddable":true,"href":"https:\/\/coninor.com\/index.php?rest_route=%2Fwp%2Fv2%2Fcomments&post=123"}],"version-history":[{"count":10,"href":"https:\/\/coninor.com\/index.php?rest_route=\/wp\/v2\/pages\/123\/revisions"}],"predecessor-version":[{"id":291,"href":"https:\/\/coninor.com\/index.php?rest_route=\/wp\/v2\/pages\/123\/revisions\/291"}],"wp:attachment":[{"href":"https:\/\/coninor.com\/index.php?rest_route=%2Fwp%2Fv2%2Fmedia&parent=123"}],"curies":[{"name":"wp","href":"https:\/\/api.w.org\/{rel}","templated":true}]}}